{"id":2,"date":"2022-05-17T07:21:09","date_gmt":"2022-05-17T07:21:09","guid":{"rendered":"http:\/\/box5158\/cgi\/addon_GT.cgi?s=GT::WP::Install::EIG+%28laajakuv%29+-+10.0.87.62+%5BWordpress%3b+\/var\/hp\/common\/lib\/Wordpress.pm%3b+543%3b+Hosting::gap_call%5D\/?page_id=2"},"modified":"2022-07-20T18:22:18","modified_gmt":"2022-07-20T18:22:18","slug":"sample-page","status":"publish","type":"page","link":"https:\/\/aivokuollut.org\/?page_id=2","title":{"rendered":"Kirjoittajasta"},"content":{"rendered":"\n<figure class=\"wp-block-image alignleft size-full is-resized\"><img data-recalc-dims=\"1\" loading=\"lazy\" decoding=\"async\" src=\"https:\/\/i0.wp.com\/aivokuollut.org\/wp-content\/uploads\/2022\/06\/nimeton.jpg?resize=235%2C235\" alt=\"\" class=\"wp-image-128\" width=\"235\" height=\"235\" srcset=\"https:\/\/i0.wp.com\/aivokuollut.org\/wp-content\/uploads\/2022\/06\/nimeton.jpg?w=360&amp;ssl=1 360w, https:\/\/i0.wp.com\/aivokuollut.org\/wp-content\/uploads\/2022\/06\/nimeton.jpg?resize=300%2C300&amp;ssl=1 300w, https:\/\/i0.wp.com\/aivokuollut.org\/wp-content\/uploads\/2022\/06\/nimeton.jpg?resize=150%2C150&amp;ssl=1 150w\" sizes=\"auto, (max-width: 235px) 100vw, 235px\" \/><\/figure>\n\n\n\n<blockquote class=\"wp-block-quote has-foreground-color has-background-background-color has-text-color has-background is-layout-flow wp-block-quote-is-layout-flow\"><p>Kellarin perimm\u00e4isess\u00e4, pehmustetussa tyrm\u00e4ss\u00e4 omassa yksin\u00e4isyydess\u00e4\u00e4n viihtyv\u00e4 leffan\u00f6rtti ja lukutoukka, joka on harrastanut elokuvia ja niist\u00e4 raapustelua lukuisille eri medioille omaksi ilokseen pitk\u00e4lti toistakymment\u00e4 vuotta. Filmik\u00e4rp\u00e4nen puri tosin jo alaik\u00e4isen\u00e4, jolloin allekirjoittanut tuijotti silm\u00e4t py\u00f6rein\u00e4 paikallisen l\u00e4hi\u00f6n videovuokraamon takahuoneen omituista tarjontaa, jonka mieleen j\u00e4\u00e4nein kasetti taisi olla <strong>William Lustigin<\/strong><em> <\/em>zombimaisesta Set\u00e4 Samulista kertova <em>Uncle Sam<\/em>. <br><br>Valtavirran nuoleskelu, itsesensuuri tai muoti-ilmi\u00f6t eiv\u00e4t ole oikeastaan koskaan saaneet paikkaansa auringossani. Intohimoni h\u00e4m\u00e4r\u00e4t kohteet ovatkin yleisesti ottaen niit\u00e4 marginaalisempia ja oudompia, suosikkielokuvat puolestaan yleens\u00e4 1970-80-luvun kauhua, surrealistista taidetta tai silkkaa roskaa. <br><br>K\u00e4sitykseni huumorista on ilmeisesti ala-arvoinen. On my\u00f6s hienoa olla osa kansaa, joka rakastaa <strong>Aku Louhimiest\u00e4 <\/strong>ja <em>Uuno Turhapuroa<\/em> yli kaiken. Ket\u00e4\u00e4n ei kiitell\u00e4 eik\u00e4 mit\u00e4\u00e4n pyydell\u00e4 anteeksi.<br><br><\/p><\/blockquote>\n","protected":false},"excerpt":{"rendered":"<p>Kellarin perimm\u00e4isess\u00e4, pehmustetussa tyrm\u00e4ss\u00e4 omassa yksin\u00e4isyydess\u00e4\u00e4n viihtyv\u00e4 leffan\u00f6rtti ja lukutoukka, joka on harrastanut elokuvia ja niist\u00e4 raapustelua lukuisille eri medioille omaksi ilokseen pitk\u00e4lti toistakymment\u00e4 vuotta. Filmik\u00e4rp\u00e4nen puri tosin jo alaik\u00e4isen\u00e4, jolloin allekirjoittanut tuijotti silm\u00e4t py\u00f6rein\u00e4 paikallisen l\u00e4hi\u00f6n videovuokraamon takahuoneen omituista tarjontaa, jonka mieleen j\u00e4\u00e4nein kasetti taisi olla William Lustigin zombimaisesta Set\u00e4 Samulista kertova Uncle Sam. [&hellip;]<\/p>\n","protected":false},"author":1,"featured_media":0,"parent":0,"menu_order":0,"comment_status":"closed","ping_status":"open","template":"","meta":{"zakra_page_container_layout":"customizer","zakra_page_sidebar_layout":"customizer","zakra_remove_content_margin":false,"zakra_sidebar":"customizer","zakra_transparent_header":"customizer","zakra_logo":0,"zakra_main_header_style":"default","zakra_menu_item_color":"","zakra_menu_item_hover_color":"","zakra_menu_item_active_color":"","zakra_menu_active_style":"","zakra_page_header":true,"nf_dc_page":"","footnotes":""},"class_list":["post-2","page","type-page","status-publish","hentry"],"yoast_head":"<!-- This site is optimized with the Yoast SEO plugin v27.5 - https:\/\/yoast.com\/product\/yoast-seo-wordpress\/ -->\n<title>Kirjoittajasta - Aivokuollut.org<\/title>\n<meta name=\"robots\" content=\"index, follow, max-snippet:-1, max-image-preview:large, max-video-preview:-1\" \/>\n<link rel=\"canonical\" href=\"https:\/\/aivokuollut.org\/?page_id=2\" \/>\n<meta property=\"og:locale\" content=\"fi_FI\" \/>\n<meta property=\"og:type\" content=\"article\" \/>\n<meta property=\"og:title\" content=\"Kirjoittajasta - Aivokuollut.org\" \/>\n<meta property=\"og:description\" content=\"Kellarin perimm\u00e4isess\u00e4, pehmustetussa tyrm\u00e4ss\u00e4 omassa yksin\u00e4isyydess\u00e4\u00e4n viihtyv\u00e4 leffan\u00f6rtti ja lukutoukka, joka on harrastanut elokuvia ja niist\u00e4 raapustelua lukuisille eri medioille omaksi ilokseen pitk\u00e4lti toistakymment\u00e4 vuotta. Filmik\u00e4rp\u00e4nen puri tosin jo alaik\u00e4isen\u00e4, jolloin allekirjoittanut tuijotti silm\u00e4t py\u00f6rein\u00e4 paikallisen l\u00e4hi\u00f6n videovuokraamon takahuoneen omituista tarjontaa, jonka mieleen j\u00e4\u00e4nein kasetti taisi olla William Lustigin zombimaisesta Set\u00e4 Samulista kertova Uncle Sam. [&hellip;]\" \/>\n<meta property=\"og:url\" content=\"https:\/\/aivokuollut.org\/?page_id=2\" \/>\n<meta property=\"og:site_name\" content=\"Aivokuollut.org\" \/>\n<meta property=\"article:modified_time\" content=\"2022-07-20T18:22:18+00:00\" \/>\n<meta property=\"og:image\" content=\"http:\/\/aivokuollut.org\/wp-content\/uploads\/2022\/06\/nimeton.jpg\" \/>\n<meta name=\"twitter:card\" content=\"summary_large_image\" \/>\n<meta name=\"twitter:label1\" content=\"Arvioitu lukuaika\" \/>\n\t<meta name=\"twitter:data1\" content=\"1 minuutti\" \/>\n<script type=\"application\/ld+json\" class=\"yoast-schema-graph\">{\"@context\":\"https:\\\/\\\/schema.org\",\"@graph\":[{\"@type\":\"WebPage\",\"@id\":\"https:\\\/\\\/aivokuollut.org\\\/?page_id=2\",\"url\":\"https:\\\/\\\/aivokuollut.org\\\/?page_id=2\",\"name\":\"Kirjoittajasta - Aivokuollut.org\",\"isPartOf\":{\"@id\":\"https:\\\/\\\/aivokuollut.org\\\/#website\"},\"primaryImageOfPage\":{\"@id\":\"https:\\\/\\\/aivokuollut.org\\\/?page_id=2#primaryimage\"},\"image\":{\"@id\":\"https:\\\/\\\/aivokuollut.org\\\/?page_id=2#primaryimage\"},\"thumbnailUrl\":\"http:\\\/\\\/aivokuollut.org\\\/wp-content\\\/uploads\\\/2022\\\/06\\\/nimeton.jpg\",\"datePublished\":\"2022-05-17T07:21:09+00:00\",\"dateModified\":\"2022-07-20T18:22:18+00:00\",\"breadcrumb\":{\"@id\":\"https:\\\/\\\/aivokuollut.org\\\/?page_id=2#breadcrumb\"},\"inLanguage\":\"fi\",\"potentialAction\":[{\"@type\":\"ReadAction\",\"target\":[\"https:\\\/\\\/aivokuollut.org\\\/?page_id=2\"]}]},{\"@type\":\"ImageObject\",\"inLanguage\":\"fi\",\"@id\":\"https:\\\/\\\/aivokuollut.org\\\/?page_id=2#primaryimage\",\"url\":\"https:\\\/\\\/i0.wp.com\\\/aivokuollut.org\\\/wp-content\\\/uploads\\\/2022\\\/06\\\/nimeton.jpg?fit=360%2C360&ssl=1\",\"contentUrl\":\"https:\\\/\\\/i0.wp.com\\\/aivokuollut.org\\\/wp-content\\\/uploads\\\/2022\\\/06\\\/nimeton.jpg?fit=360%2C360&ssl=1\",\"width\":360,\"height\":360},{\"@type\":\"BreadcrumbList\",\"@id\":\"https:\\\/\\\/aivokuollut.org\\\/?page_id=2#breadcrumb\",\"itemListElement\":[{\"@type\":\"ListItem\",\"position\":1,\"name\":\"Home\",\"item\":\"https:\\\/\\\/aivokuollut.org\\\/\"},{\"@type\":\"ListItem\",\"position\":2,\"name\":\"Kirjoittajasta\"}]},{\"@type\":\"WebSite\",\"@id\":\"https:\\\/\\\/aivokuollut.org\\\/#website\",\"url\":\"https:\\\/\\\/aivokuollut.org\\\/\",\"name\":\"Aivokuollut.org\",\"description\":\"Jupinoita kryptasta\",\"publisher\":{\"@id\":\"https:\\\/\\\/aivokuollut.org\\\/#organization\"},\"potentialAction\":[{\"@type\":\"SearchAction\",\"target\":{\"@type\":\"EntryPoint\",\"urlTemplate\":\"https:\\\/\\\/aivokuollut.org\\\/?s={search_term_string}\"},\"query-input\":{\"@type\":\"PropertyValueSpecification\",\"valueRequired\":true,\"valueName\":\"search_term_string\"}}],\"inLanguage\":\"fi\"},{\"@type\":\"Organization\",\"@id\":\"https:\\\/\\\/aivokuollut.org\\\/#organization\",\"name\":\"Aivokuollut.org\",\"url\":\"https:\\\/\\\/aivokuollut.org\\\/\",\"logo\":{\"@type\":\"ImageObject\",\"inLanguage\":\"fi\",\"@id\":\"https:\\\/\\\/aivokuollut.org\\\/#\\\/schema\\\/logo\\\/image\\\/\",\"url\":\"https:\\\/\\\/i0.wp.com\\\/aivokuollut.org\\\/wp-content\\\/uploads\\\/2022\\\/06\\\/cropped-x.jpeg?fit=2166%2C1218&ssl=1\",\"contentUrl\":\"https:\\\/\\\/i0.wp.com\\\/aivokuollut.org\\\/wp-content\\\/uploads\\\/2022\\\/06\\\/cropped-x.jpeg?fit=2166%2C1218&ssl=1\",\"width\":2166,\"height\":1218,\"caption\":\"Aivokuollut.org\"},\"image\":{\"@id\":\"https:\\\/\\\/aivokuollut.org\\\/#\\\/schema\\\/logo\\\/image\\\/\"}}]}<\/script>\n<!-- \/ Yoast SEO plugin. -->","yoast_head_json":{"title":"Kirjoittajasta - Aivokuollut.org","robots":{"index":"index","follow":"follow","max-snippet":"max-snippet:-1","max-image-preview":"max-image-preview:large","max-video-preview":"max-video-preview:-1"},"canonical":"https:\/\/aivokuollut.org\/?page_id=2","og_locale":"fi_FI","og_type":"article","og_title":"Kirjoittajasta - Aivokuollut.org","og_description":"Kellarin perimm\u00e4isess\u00e4, pehmustetussa tyrm\u00e4ss\u00e4 omassa yksin\u00e4isyydess\u00e4\u00e4n viihtyv\u00e4 leffan\u00f6rtti ja lukutoukka, joka on harrastanut elokuvia ja niist\u00e4 raapustelua lukuisille eri medioille omaksi ilokseen pitk\u00e4lti toistakymment\u00e4 vuotta. Filmik\u00e4rp\u00e4nen puri tosin jo alaik\u00e4isen\u00e4, jolloin allekirjoittanut tuijotti silm\u00e4t py\u00f6rein\u00e4 paikallisen l\u00e4hi\u00f6n videovuokraamon takahuoneen omituista tarjontaa, jonka mieleen j\u00e4\u00e4nein kasetti taisi olla William Lustigin zombimaisesta Set\u00e4 Samulista kertova Uncle Sam. [&hellip;]","og_url":"https:\/\/aivokuollut.org\/?page_id=2","og_site_name":"Aivokuollut.org","article_modified_time":"2022-07-20T18:22:18+00:00","og_image":[{"url":"http:\/\/aivokuollut.org\/wp-content\/uploads\/2022\/06\/nimeton.jpg","type":"","width":"","height":""}],"twitter_card":"summary_large_image","twitter_misc":{"Arvioitu lukuaika":"1 minuutti"},"schema":{"@context":"https:\/\/schema.org","@graph":[{"@type":"WebPage","@id":"https:\/\/aivokuollut.org\/?page_id=2","url":"https:\/\/aivokuollut.org\/?page_id=2","name":"Kirjoittajasta - Aivokuollut.org","isPartOf":{"@id":"https:\/\/aivokuollut.org\/#website"},"primaryImageOfPage":{"@id":"https:\/\/aivokuollut.org\/?page_id=2#primaryimage"},"image":{"@id":"https:\/\/aivokuollut.org\/?page_id=2#primaryimage"},"thumbnailUrl":"http:\/\/aivokuollut.org\/wp-content\/uploads\/2022\/06\/nimeton.jpg","datePublished":"2022-05-17T07:21:09+00:00","dateModified":"2022-07-20T18:22:18+00:00","breadcrumb":{"@id":"https:\/\/aivokuollut.org\/?page_id=2#breadcrumb"},"inLanguage":"fi","potentialAction":[{"@type":"ReadAction","target":["https:\/\/aivokuollut.org\/?page_id=2"]}]},{"@type":"ImageObject","inLanguage":"fi","@id":"https:\/\/aivokuollut.org\/?page_id=2#primaryimage","url":"https:\/\/i0.wp.com\/aivokuollut.org\/wp-content\/uploads\/2022\/06\/nimeton.jpg?fit=360%2C360&ssl=1","contentUrl":"https:\/\/i0.wp.com\/aivokuollut.org\/wp-content\/uploads\/2022\/06\/nimeton.jpg?fit=360%2C360&ssl=1","width":360,"height":360},{"@type":"BreadcrumbList","@id":"https:\/\/aivokuollut.org\/?page_id=2#breadcrumb","itemListElement":[{"@type":"ListItem","position":1,"name":"Home","item":"https:\/\/aivokuollut.org\/"},{"@type":"ListItem","position":2,"name":"Kirjoittajasta"}]},{"@type":"WebSite","@id":"https:\/\/aivokuollut.org\/#website","url":"https:\/\/aivokuollut.org\/","name":"Aivokuollut.org","description":"Jupinoita kryptasta","publisher":{"@id":"https:\/\/aivokuollut.org\/#organization"},"potentialAction":[{"@type":"SearchAction","target":{"@type":"EntryPoint","urlTemplate":"https:\/\/aivokuollut.org\/?s={search_term_string}"},"query-input":{"@type":"PropertyValueSpecification","valueRequired":true,"valueName":"search_term_string"}}],"inLanguage":"fi"},{"@type":"Organization","@id":"https:\/\/aivokuollut.org\/#organization","name":"Aivokuollut.org","url":"https:\/\/aivokuollut.org\/","logo":{"@type":"ImageObject","inLanguage":"fi","@id":"https:\/\/aivokuollut.org\/#\/schema\/logo\/image\/","url":"https:\/\/i0.wp.com\/aivokuollut.org\/wp-content\/uploads\/2022\/06\/cropped-x.jpeg?fit=2166%2C1218&ssl=1","contentUrl":"https:\/\/i0.wp.com\/aivokuollut.org\/wp-content\/uploads\/2022\/06\/cropped-x.jpeg?fit=2166%2C1218&ssl=1","width":2166,"height":1218,"caption":"Aivokuollut.org"},"image":{"@id":"https:\/\/aivokuollut.org\/#\/schema\/logo\/image\/"}}]}},"jetpack_sharing_enabled":true,"_links":{"self":[{"href":"https:\/\/aivokuollut.org\/index.php?rest_route=\/wp\/v2\/pages\/2","targetHints":{"allow":["GET"]}}],"collection":[{"href":"https:\/\/aivokuollut.org\/index.php?rest_route=\/wp\/v2\/pages"}],"about":[{"href":"https:\/\/aivokuollut.org\/index.php?rest_route=\/wp\/v2\/types\/page"}],"author":[{"embeddable":true,"href":"https:\/\/aivokuollut.org\/index.php?rest_route=\/wp\/v2\/users\/1"}],"replies":[{"embeddable":true,"href":"https:\/\/aivokuollut.org\/index.php?rest_route=%2Fwp%2Fv2%2Fcomments&post=2"}],"version-history":[{"count":5,"href":"https:\/\/aivokuollut.org\/index.php?rest_route=\/wp\/v2\/pages\/2\/revisions"}],"predecessor-version":[{"id":246,"href":"https:\/\/aivokuollut.org\/index.php?rest_route=\/wp\/v2\/pages\/2\/revisions\/246"}],"wp:attachment":[{"href":"https:\/\/aivokuollut.org\/index.php?rest_route=%2Fwp%2Fv2%2Fmedia&parent=2"}],"curies":[{"name":"wp","href":"https:\/\/api.w.org\/{rel}","templated":true}]}}